{"id":2244,"date":"2021-03-01T13:41:02","date_gmt":"2021-03-01T13:41:02","guid":{"rendered":"https:\/\/developer.surge.pt\/showroom\/?page_id=2244"},"modified":"2021-04-07T02:29:28","modified_gmt":"2021-04-07T02:29:28","slug":"politica-de-privacidade","status":"publish","type":"page","link":"http:\/\/luisazevedo.pt\/en\/politica-de-privacidade\/","title":{"rendered":"Privacy Policy"},"content":{"rendered":"<div data-elementor-type=\"wp-page\" data-elementor-id=\"2244\" class=\"elementor elementor-2244\" data-elementor-post-type=\"page\">\n\t\t\t\t\t\t<section class=\"elementor-section elementor-top-section elementor-element elementor-element-95ea8f6 elementor-section-full_width elementor-section-height-min-height elementor-section-items-stretch elementor-section-content-middle elementor-reverse-mobile elementor-reverse-tablet elementor-section-height-default\" data-id=\"95ea8f6\" data-element_type=\"section\" data-settings=\"{&quot;background_background&quot;:&quot;classic&quot;}\">\n\t\t\t\t\t\t<div class=\"elementor-container elementor-column-gap-no\">\n\t\t\t\t\t<div class=\"elementor-column elementor-col-50 elementor-top-column elementor-element elementor-element-729d358\" data-id=\"729d358\" data-element_type=\"column\">\n\t\t\t<div class=\"elementor-widget-wrap elementor-element-populated\">\n\t\t\t\t\t\t<div class=\"elementor-element elementor-element-230a2d8 elementor-widget elementor-widget-heading\" data-id=\"230a2d8\" data-element_type=\"widget\" data-widget_type=\"heading.default\">\n\t\t\t\t<div class=\"elementor-widget-container\">\n\t\t\t<h2 class=\"elementor-heading-title elementor-size-default\">PRIVACY POLICY<\/h2>\t\t<\/div>\n\t\t\t\t<\/div>\n\t\t\t\t\t<\/div>\n\t\t<\/div>\n\t\t\t\t<div class=\"elementor-column elementor-col-50 elementor-top-column elementor-element elementor-element-873b75a\" data-id=\"873b75a\" data-element_type=\"column\" data-settings=\"{&quot;background_background&quot;:&quot;classic&quot;}\">\n\t\t\t<div class=\"elementor-widget-wrap elementor-element-populated\">\n\t\t\t\t\t<div class=\"elementor-background-overlay\"><\/div>\n\t\t\t\t\t\t<div class=\"elementor-element elementor-element-bc30423 elementor-widget elementor-widget-spacer\" data-id=\"bc30423\" data-element_type=\"widget\" data-widget_type=\"spacer.default\">\n\t\t\t\t<div class=\"elementor-widget-container\">\n\t\t\t\t\t<div class=\"elementor-spacer\">\n\t\t\t<div class=\"elementor-spacer-inner\"><\/div>\n\t\t<\/div>\n\t\t\t\t<\/div>\n\t\t\t\t<\/div>\n\t\t\t\t\t<\/div>\n\t\t<\/div>\n\t\t\t\t\t<\/div>\n\t\t<\/section>\n\t\t\t\t<section class=\"elementor-section elementor-top-section elementor-element elementor-element-232f178 elementor-section-boxed elementor-section-height-default elementor-section-height-default\" data-id=\"232f178\" data-element_type=\"section\">\n\t\t\t\t\t\t<div class=\"elementor-container elementor-column-gap-default\">\n\t\t\t\t\t<div class=\"elementor-column elementor-col-100 elementor-top-column elementor-element elementor-element-a36f65b\" data-id=\"a36f65b\" data-element_type=\"column\">\n\t\t\t<div class=\"elementor-widget-wrap elementor-element-populated\">\n\t\t\t\t\t\t<section class=\"elementor-section elementor-inner-section elementor-element elementor-element-04a87b0 elementor-reverse-tablet elementor-reverse-mobile elementor-section-boxed elementor-section-height-default elementor-section-height-default\" data-id=\"04a87b0\" data-element_type=\"section\">\n\t\t\t\t\t\t<div class=\"elementor-container elementor-column-gap-default\">\n\t\t\t\t\t<div class=\"elementor-column elementor-col-100 elementor-inner-column elementor-element elementor-element-ed0ef09\" data-id=\"ed0ef09\" data-element_type=\"column\">\n\t\t\t<div class=\"elementor-widget-wrap elementor-element-populated\">\n\t\t\t\t\t\t<div class=\"elementor-element elementor-element-ae72088 elementor-widget elementor-widget-text-editor\" data-id=\"ae72088\" data-element_type=\"widget\" data-widget_type=\"text-editor.default\">\n\t\t\t\t<div class=\"elementor-widget-container\">\n\t\t\t\t\t\t\t<h2>Who we are<\/h2>\n<p>LU\u00cdS AZEVEDO &amp; FILHOS, S.A., HENCEFORTH LU\u00cdS AZEVEDO, IS A LIMITED LIABILITY COMPANY INCORPORATED IN 1996, WHICH FOCUSES ITS ACTIVITY ON TEXTILE PRODUCTION. IN ADDITION TO IMPLEMENTING IT IN ITS ORGANIZATIONAL PROCESSES, LU\u00cdS AZEVEDO DRAFTED THIS PRIVACY POLICY IN ORDER TO MAKE AVAILABLE, MAKE KNOWN AND PUBLICIZE THE EXPLANATORY INSTRUMENT OF THE GENERAL RULES OF PRIVACY AND TREATMENT OF PERSONAL DATA THAT IT COLLECTS IN THE CONTEXT OF USING THIS SITE, ALWAYS IN STRICT COMPLIANCE WITH THE RELEVANT LEGISLATION.<\/p>\t\t\t\t\t\t<\/div>\n\t\t\t\t<\/div>\n\t\t\t\t<div class=\"elementor-element elementor-element-ec4bb15 elementor-widget elementor-widget-spacer\" data-id=\"ec4bb15\" data-element_type=\"widget\" data-widget_type=\"spacer.default\">\n\t\t\t\t<div class=\"elementor-widget-container\">\n\t\t\t\t\t<div class=\"elementor-spacer\">\n\t\t\t<div class=\"elementor-spacer-inner\"><\/div>\n\t\t<\/div>\n\t\t\t\t<\/div>\n\t\t\t\t<\/div>\n\t\t\t\t<div class=\"elementor-element elementor-element-7adf8c7 elementor-widget elementor-widget-text-editor\" data-id=\"7adf8c7\" data-element_type=\"widget\" data-widget_type=\"text-editor.default\">\n\t\t\t\t<div class=\"elementor-widget-container\">\n\t\t\t\t\t\t\t<h2>Treatment of Personal Data<\/h2>\n<p><\/p>\n<ol>\n<li>\n<h4><strong>RESPONSIBLE FOR THE PROCESSING OF PERSONAL DATA:<\/strong><\/h4>\n<p>THE COMPANY LU\u00cdS AZEVEDO &amp;  FILHOS, S.A., HEADQUARTERED AT RUA DE CAM\u00d5ES, N\u00ba 232, PARQUE INDUSTRIAL DE BRITO 4805-019 BRITO, IS THE ENTITY RESPONSIBLE FOR DEFINING THE MEANS AND PURPOSES IN THE PROCESSING OF PERSONAL DATA.<\/p>\n<\/li>\n<li>\n<h4><strong>PURPOSE AND LAWFULNESS OF TREATMENT:<\/strong><\/h4>\n<p class=\" translation-block\">PERSONAL DATA ARE COLLECTED AND PROCESSED DURING THE USE OF THE WEBSITE, FOR THE PURPOSE OF MANAGING THE BUSINESS RELATIONSHIP, SUPPLYING GOODS AND FULFILLING THE OBLIGATIONS ARISING THEREFROM AND CARRYING OUT MARKETING CAMPAIGNS WHENEVER THERE IS CONSENT, OR OTHER VALID BASIS FOR DOING SO. ON THE LU\u00cdS AZEVEDO WEBSITE, YOU CAN SUBSCRIBE TO THE NEWSLETTER TO RECEIVE OUR NEWS. IF YOU DO NOT WISH TO BE CONTACTED FOR THESE PURPOSES, YOU CAN CANCEL YOUR SUBSCRIPTION AT ANY TIME BY ACCESSING YOUR PERSONAL ACCOUNT AND CLICKING ON THE LINK AT THE BOTTOM OF THE NEWSLETTER, OR BY SENDING AN EMAIL WITH THE SUBJECT \u201cREMOVE NEWSLETTER SUBSCRIPTION\u201d TO INFORMATICA@LUISAZEVEDO.PT.<\/p>\n<\/li>\n<li>\n<h4><strong>CATEGORIES OF PERSONAL DATA COLLECTED:<\/strong><\/h4>\n<p>FOR THE ABOVE-MENTIONED PURPOSE, IDENTIFICATION DATA, BILLING DATA AND CONTACT DATA MAY BE PROCESSED.<\/p>\n<\/li>\n<li>\n<h4><strong>TERM OF RETENTION OF PERSONAL DATA:<\/strong><\/h4>\n<p>THE PERSONAL DATA COLLECTED IS KEPT FOR AS LONG AS THERE ARE COMMERCIAL RELATIONSHIPS WITH OUR CLIENTS, AS LONG AS THERE IS VALID CONSENT WHEN IT IS A NECESSARY CONDITION OF LAWFULNESS, AND, ADDITIONALLY, FOR THE LEGALLY REQUIRED TIME.<\/p>\n<\/li>\n<li>\n<h4><strong>RECIPIENTS OR RECIPIENT CATEGORIES OF PERSONAL DATA:<\/strong><\/h4>\n<p>LU\u00cdS AZEVEDO, MAY USE SUBCONTRACTORS FOR THE PURPOSE OF DATA PROCESSING, WITH THE SAME PURPOSES AS THAT AIMED AT, NAMELY FULFILLING THE DELIVERY OF GOODS, OBTAINING FROM THESE ENTITIES THROUGH CONTRACT, GUARANTEE OF REPUTATION AND OBLIGATION TO DEVELOP TECHNICAL AND ORGANIZATIONAL MEASURES APPROPRIATE TO THE PROTECTION OF DATA AND TO ENSURE THE DEFENSE OF THE RIGHTS OF DATA SUBJECTS. IN CERTAIN CIRCUMSTANCES DETERMINED BY LAW, CERTAIN PERSONAL DATA MAY HAVE TO BE COMMUNICATED TO PUBLIC AUTHORITIES, SUCH AS TAX AUTHORITIES, COURTS AND SECURITY FORCES.<\/p>\n<\/li>\n<li>\n<h4><strong>RIGHTS RELATING TO YOUR COLLECTED PERSONAL DATA:<\/strong><\/h4>\n<p>THE USER OF THE SITE CAN REQUEST THE EXERCISE OF HIS RIGHTS OF ACCESS, RECTIFICATION, PORTABILITY, LIMITATION OF TREATMENT, WITHDRAW THE CONSENT PREVIOUSLY GIVEN, OPPOSITION OR ELIMINATION OF HIS PERSONAL DATA THROUGH WRITTEN CONTACT, WITH LU\u00cdS AZEVEDO, AT RUA DE CAM\u00d5ES, N\u00ba 232, PARQUE INDUSTRIAL DE BRITO 4805-019 BRITO, OR, ALTERNATIVELY, BY E-MAIL ADDRESS LUISAZEVEDO@LUISAZEVEDO.PT. IF YOU CONSIDER IT PERTINENT, YOU CAN FILE A COMPLAINT WITH THE NATIONAL DATA PROTECTION COMMISSION \u2013 AV. D. CARLOS I, 134 \u2013 1.\u00ba 1200-651 LISBOA-                      TEL: +351 213928400 \u2013 E-MAIL: GERAL@CNPD.PT.<\/p>\n<\/li>\n<\/ol>\t\t\t\t\t\t<\/div>\n\t\t\t\t<\/div>\n\t\t\t\t<div class=\"elementor-element elementor-element-13add9d elementor-widget elementor-widget-spacer\" data-id=\"13add9d\" data-element_type=\"widget\" data-widget_type=\"spacer.default\">\n\t\t\t\t<div class=\"elementor-widget-container\">\n\t\t\t\t\t<div class=\"elementor-spacer\">\n\t\t\t<div class=\"elementor-spacer-inner\"><\/div>\n\t\t<\/div>\n\t\t\t\t<\/div>\n\t\t\t\t<\/div>\n\t\t\t\t<div class=\"elementor-element elementor-element-9bec469 elementor-widget elementor-widget-text-editor\" data-id=\"9bec469\" data-element_type=\"widget\" data-widget_type=\"text-editor.default\">\n\t\t\t\t<div class=\"elementor-widget-container\">\n\t\t\t\t\t\t\t<h2>Security measures<\/h2><p class=\" translation-block\">LUIS AZEVEDO OBSERVES THE BEST PRACTICES, ADOPTING THE TECHNICAL AND ORGANIZATIONAL MEASURES APPROPRIATE TO THE RISK, IN THE FIELD OF SECURITY AND PROTECTION OF PERSONAL DATA, HAVING APPROVED AND IMPLEMENTED A DEMANDING PLAN OF COMPLIANCE WITH THE OBJECTIVES, THE LAW AND THE INTERESTS OF THE USERS. HOLDERS OF PERSONAL DATA, ABLE TO SAFEGUARD THE PROTECTION OF THE DATA MADE AVAILABLE TO US BY ALL THOSE WHO IN ANY WAY RELATE TO US, IN ORDER TO PROTECT THEM AGAINST THEIR DISSEMINATION, LOSS, MISUSE, ALTERATION, TREATMENT OR UNAUTHORIZED ACCESS AS WELL AS AGAINST ANY OTHER FORM OF ILLICIT TREATMENT. THUS, THE PERSONAL DATA COLLECTED THROUGH OUR WEBSITE, WHICH HAS AN ACTIVE ENCRYPTION CERTIFICATE, IS TRANSMITTED THROUGH ENCRYPTED BROWSER SESSIONS AND IS SECURELY STORED IN OUR REPOSITORIES AND DIGITAL SYSTEMS. DESPITE THESE SECURITY MEASURES, THE INTERNET IS AN OPEN NETWORK, SO THAT THE USER\u2019S PERSONAL DATA, OTHER PERSONAL INFORMATION AND ALL THE CONTENT HOSTED ON THE SERVICE CAN CIRCULATE ON THE NETWORK WITH THE RISK OF BEING ACCESSIBLE AND USED BY UNAUTHORIZED THIRD PARTIES. LU\u00cdS AZEVEDO CANNOT BE HELD RESPONSIBLE FOR SUCH ACCESS AND \/ OR USE. WE WARN EVERYONE WHO SURFS THE INTERNET THAT THEY MUST ADOPT ADDITIONAL SECURITY MEASURES, NAMELY, ENSURE THAT THEY USE AN UPDATED PC AND BROWSER IN TERMS OF PROPERLY CONFIGURED SECURITY PATCHES, WITH AN ACTIVE FIREWALL, ANTIVIRUS AND ANTI-SPYWARE, AND MAKE SURE AUTHENTICITY OF THE WEBSITES YOU VISIT ON THE INTERNET, AND YOU SHOULD AVOID WEBSITES WHOSE REPUTATION YOU DO NOT TRUST.<\/p>\t\t\t\t\t\t<\/div>\n\t\t\t\t<\/div>\n\t\t\t\t<div class=\"elementor-element elementor-element-5678cad elementor-widget elementor-widget-spacer\" data-id=\"5678cad\" data-element_type=\"widget\" data-widget_type=\"spacer.default\">\n\t\t\t\t<div class=\"elementor-widget-container\">\n\t\t\t\t\t<div class=\"elementor-spacer\">\n\t\t\t<div class=\"elementor-spacer-inner\"><\/div>\n\t\t<\/div>\n\t\t\t\t<\/div>\n\t\t\t\t<\/div>\n\t\t\t\t<div class=\"elementor-element elementor-element-02a6b47 elementor-widget elementor-widget-text-editor\" data-id=\"02a6b47\" data-element_type=\"widget\" data-widget_type=\"text-editor.default\">\n\t\t\t\t<div class=\"elementor-widget-container\">\n\t\t\t\t\t\t\t<h2>Cookies<\/h2><p>LUIS AZEVEDOS WEBSITE AND SHOWROOM USE COOKIES. COOKIES ARE A WAY TO IMPROVE YOUR BROWSING EXPERIENCE. THESE ARE SMALL DATA FILES CREATED BY YOUR BROWSER THAT ARE AUTOMATICALLY STORED ON YOUR HARD DRIVE. THESE FILES DO NOT CONTAIN PERSONAL INFORMATION, BUT ALLOW LU\u00cdS AZEVEDO TO IDENTIFY GENERIC SITE VISITORS. WHENEVER IT MAY NOT BE THE CASE, THE USER WILL ALWAYS BE ASKED FOR CONSENT TO PROVIDE THEM, UNDER THE LEGAL TERMS.<\/p>\t\t\t\t\t\t<\/div>\n\t\t\t\t<\/div>\n\t\t\t\t<div class=\"elementor-element elementor-element-8080376 elementor-widget elementor-widget-spacer\" data-id=\"8080376\" data-element_type=\"widget\" data-widget_type=\"spacer.default\">\n\t\t\t\t<div class=\"elementor-widget-container\">\n\t\t\t\t\t<div class=\"elementor-spacer\">\n\t\t\t<div class=\"elementor-spacer-inner\"><\/div>\n\t\t<\/div>\n\t\t\t\t<\/div>\n\t\t\t\t<\/div>\n\t\t\t\t<div class=\"elementor-element elementor-element-e54c3aa elementor-widget elementor-widget-text-editor\" data-id=\"e54c3aa\" data-element_type=\"widget\" data-widget_type=\"text-editor.default\">\n\t\t\t\t<div class=\"elementor-widget-container\">\n\t\t\t\t\t\t\t<h2>Update of the Privacy Policy<\/h2>\n<p>LUIS AZEVEDO EXPRESSLY RESERVES THE RIGHT TO CHANGE THIS PRIVACY POLICY AT ANY TIME, THE RESULT OF WHICH IS DULY PUBLICIZED BY THE SAME MEANS.<\/p>\t\t\t\t\t\t<\/div>\n\t\t\t\t<\/div>\n\t\t\t\t<div class=\"elementor-element elementor-element-52a478e elementor-widget elementor-widget-spacer\" data-id=\"52a478e\" data-element_type=\"widget\" data-widget_type=\"spacer.default\">\n\t\t\t\t<div class=\"elementor-widget-container\">\n\t\t\t\t\t<div class=\"elementor-spacer\">\n\t\t\t<div class=\"elementor-spacer-inner\"><\/div>\n\t\t<\/div>\n\t\t\t\t<\/div>\n\t\t\t\t<\/div>\n\t\t\t\t\t<\/div>\n\t\t<\/div>\n\t\t\t\t\t<\/div>\n\t\t<\/section>\n\t\t\t\t\t<\/div>\n\t\t<\/div>\n\t\t\t\t\t<\/div>\n\t\t<\/section>\n\t\t\t\t<\/div>","protected":false},"excerpt":{"rendered":"<p>Pol\u00edtica de privacidade Quem somos A Lu\u00eds Azevedo &amp; Filhos, S.A., doravante Lu\u00eds Azevedo, \u00e9 uma sociedade an\u00f3nima constitu\u00edda no ano de 1996, e que centra a sua atividade na produ\u00e7\u00e3o t\u00eaxtil. Para al\u00e9m de a implementar nos seus processos organizativos, a Lu\u00eds Azevedo redigiu a presente Pol\u00edtica de Privacidade com o objetivo de disponibilizar, [&hellip;]<\/p>","protected":false},"author":1,"featured_media":0,"parent":0,"menu_order":0,"comment_status":"closed","ping_status":"closed","template":"elementor_header_footer","meta":{"footnotes":""},"_links":{"self":[{"href":"http:\/\/luisazevedo.pt\/en\/wp-json\/wp\/v2\/pages\/2244"}],"collection":[{"href":"http:\/\/luisazevedo.pt\/en\/wp-json\/wp\/v2\/pages"}],"about":[{"href":"http:\/\/luisazevedo.pt\/en\/wp-json\/wp\/v2\/types\/page"}],"author":[{"embeddable":true,"href":"http:\/\/luisazevedo.pt\/en\/wp-json\/wp\/v2\/users\/1"}],"replies":[{"embeddable":true,"href":"http:\/\/luisazevedo.pt\/en\/wp-json\/wp\/v2\/comments?post=2244"}],"version-history":[{"count":0,"href":"http:\/\/luisazevedo.pt\/en\/wp-json\/wp\/v2\/pages\/2244\/revisions"}],"wp:attachment":[{"href":"http:\/\/luisazevedo.pt\/en\/wp-json\/wp\/v2\/media?parent=2244"}],"curies":[{"name":"wp","href":"https:\/\/api.w.org\/{rel}","templated":true}]}}