{"id":2255,"date":"2021-03-01T13:46:52","date_gmt":"2021-03-01T13:46:52","guid":{"rendered":"https:\/\/developer.surge.pt\/showroom\/?page_id=2255"},"modified":"2021-04-07T02:41:02","modified_gmt":"2021-04-07T02:41:02","slug":"termos-e-condicoes","status":"publish","type":"page","link":"http:\/\/luisazevedo.pt\/en\/termos-e-condicoes\/","title":{"rendered":"Terms and Conditions"},"content":{"rendered":"<div data-elementor-type=\"wp-page\" data-elementor-id=\"2255\" class=\"elementor elementor-2255\" data-elementor-post-type=\"page\">\n\t\t\t\t\t\t<section class=\"elementor-section elementor-top-section elementor-element elementor-element-9cd82fb elementor-section-full_width elementor-section-height-min-height elementor-section-items-stretch elementor-section-content-middle elementor-reverse-mobile elementor-reverse-tablet elementor-section-height-default\" data-id=\"9cd82fb\" data-element_type=\"section\" data-settings=\"{&quot;background_background&quot;:&quot;classic&quot;}\">\n\t\t\t\t\t\t<div class=\"elementor-container elementor-column-gap-no\">\n\t\t\t\t\t<div class=\"elementor-column elementor-col-50 elementor-top-column elementor-element elementor-element-41da260\" data-id=\"41da260\" data-element_type=\"column\">\n\t\t\t<div class=\"elementor-widget-wrap elementor-element-populated\">\n\t\t\t\t\t\t<div class=\"elementor-element elementor-element-236debf elementor-widget elementor-widget-heading\" data-id=\"236debf\" data-element_type=\"widget\" data-widget_type=\"heading.default\">\n\t\t\t\t<div class=\"elementor-widget-container\">\n\t\t\t<h2 class=\"elementor-heading-title elementor-size-default\">Terms and conditions<\/h2>\t\t<\/div>\n\t\t\t\t<\/div>\n\t\t\t\t\t<\/div>\n\t\t<\/div>\n\t\t\t\t<div class=\"elementor-column elementor-col-50 elementor-top-column elementor-element elementor-element-0a70acd\" data-id=\"0a70acd\" data-element_type=\"column\" data-settings=\"{&quot;background_background&quot;:&quot;classic&quot;}\">\n\t\t\t<div class=\"elementor-widget-wrap elementor-element-populated\">\n\t\t\t\t\t<div class=\"elementor-background-overlay\"><\/div>\n\t\t\t\t\t\t<div class=\"elementor-element elementor-element-4db032c elementor-widget elementor-widget-spacer\" data-id=\"4db032c\" data-element_type=\"widget\" data-widget_type=\"spacer.default\">\n\t\t\t\t<div class=\"elementor-widget-container\">\n\t\t\t\t\t<div class=\"elementor-spacer\">\n\t\t\t<div class=\"elementor-spacer-inner\"><\/div>\n\t\t<\/div>\n\t\t\t\t<\/div>\n\t\t\t\t<\/div>\n\t\t\t\t\t<\/div>\n\t\t<\/div>\n\t\t\t\t\t<\/div>\n\t\t<\/section>\n\t\t\t\t<section class=\"elementor-section elementor-top-section elementor-element elementor-element-bbc8d53 elementor-section-boxed elementor-section-height-default elementor-section-height-default\" data-id=\"bbc8d53\" data-element_type=\"section\">\n\t\t\t\t\t\t<div class=\"elementor-container elementor-column-gap-default\">\n\t\t\t\t\t<div class=\"elementor-column elementor-col-100 elementor-top-column elementor-element elementor-element-ce51963\" data-id=\"ce51963\" data-element_type=\"column\">\n\t\t\t<div class=\"elementor-widget-wrap elementor-element-populated\">\n\t\t\t\t\t\t<section class=\"elementor-section elementor-inner-section elementor-element elementor-element-0b45aaf elementor-reverse-tablet elementor-reverse-mobile elementor-section-boxed elementor-section-height-default elementor-section-height-default\" data-id=\"0b45aaf\" data-element_type=\"section\">\n\t\t\t\t\t\t<div class=\"elementor-container elementor-column-gap-default\">\n\t\t\t\t\t<div class=\"elementor-column elementor-col-100 elementor-inner-column elementor-element elementor-element-489cf11\" data-id=\"489cf11\" data-element_type=\"column\">\n\t\t\t<div class=\"elementor-widget-wrap elementor-element-populated\">\n\t\t\t\t\t\t<div class=\"elementor-element elementor-element-7127de6 elementor-widget elementor-widget-text-editor\" data-id=\"7127de6\" data-element_type=\"widget\" data-widget_type=\"text-editor.default\">\n\t\t\t\t<div class=\"elementor-widget-container\">\n\t\t\t\t\t\t\t<h2><b>Overview<\/b><\/h2><p>THIS WEBSITE IS OPERATED BY LUIS AZEVEDO &amp; FILHOS, S.A., HEREINAFTER LU\u00cdS AZEVEDO. THROUGHOUT THE SITE, THE TERMS \"WE\" AND \"OUR\" REFER TO LUIS AZEVEDO. LUIS AZEVEDO OFFERS THIS WEBSITE, INCLUDING ALL INFORMATION, TOOLS AND SERVICES AVAILABLE TO THE USER, SUBJECT TO ITS USE, ACCEPTANCE OF ALL TERMS, CONDITIONS, POLICIES AND NOTICES STATED HERE. BY VISITING OUR WEBSITE AND \/ OR PURCHASING SOMETHING FROM US, YOU ARE INVOLVED IN OUR \u201cSERVICE\u201d AND AGREE TO COMPLY WITH THE FOLLOWING TERMS AND CONDITIONS (\u201cTERMS AND CONDITIONS\u201d, \u201cTERMS\u201d), INCLUDING ADDITIONAL TERMS AND CONDITIONS AND POLICIES MENTIONED HERE AND \/ OR AVAILABLE BY HYPERLINK. BY USING OUR WEBSITE AND SHOWROOM YOU AGREE TO THESE TERMS AND CONDITIONS, AND DECLARE THAT YOU ARE AT LEAST THE AGE TO ESTABLISH A VALID CONTRACTUAL RELATIONSHIP.<br \/>Ao utilizar o nosso site e showroom concorda com estes termos e condi\u00e7\u00f5es, e declara que tem pelo menos a idade para estabelecer v\u00ednculo contratual v\u00e1lido.<\/p>\t\t\t\t\t\t<\/div>\n\t\t\t\t<\/div>\n\t\t\t\t<div class=\"elementor-element elementor-element-72bc6c9 elementor-widget elementor-widget-spacer\" data-id=\"72bc6c9\" data-element_type=\"widget\" data-widget_type=\"spacer.default\">\n\t\t\t\t<div class=\"elementor-widget-container\">\n\t\t\t\t\t<div class=\"elementor-spacer\">\n\t\t\t<div class=\"elementor-spacer-inner\"><\/div>\n\t\t<\/div>\n\t\t\t\t<\/div>\n\t\t\t\t<\/div>\n\t\t\t\t<div class=\"elementor-element elementor-element-a168cd4 elementor-widget elementor-widget-text-editor\" data-id=\"a168cd4\" data-element_type=\"widget\" data-widget_type=\"text-editor.default\">\n\t\t\t\t<div class=\"elementor-widget-container\">\n\t\t\t\t\t\t\t<h2>Accuracy, Integrity and\nTimeliness of Information<\/h2><p>LUIS AZEVEDO IS NOT RESPONSIBLE IF THE INFORMATION MADE AVAILABLE ON THIS WEBSITE IS NOT ACCURATE, COMPLETE OR CURRENT. THE MATERIAL ON THIS SITE IS PROVIDED FOR GENERAL INFORMATION ONLY AND SHOULD NOT BE USED AS A SOLE BASIS FOR MAKING DECISIONS WITHOUT CONSULTING PRIMARY, MORE ACCURATE, MORE COMPLETE OR MORE TIMELY SOURCES OF\nINFORMATION. ANY RELIANCE ON THE MATERIAL ON THIS SITE IS YOUR RESPONSIBILITY. THIS WEBSITE MAY CONTAIN CERTAIN HISTORICAL INFORMATION. HISTORICAL INFORMATION IS NOT NECESSARILY CURRENT AND IS PROVIDED FOR YOUR REFERENCE ONLY. WE RESERVE THE RIGHT TO MODIFY THE CONTENT OF THIS WEBSITE AT ANY TIME, BUT WE ARE UNDER NO OBLIGATION TO UPDATE ANY INFORMATION ON OUR WEBSITE. WE RESERVE THE RIGHT, AT ANY TIME, TO MODIFY OR DISCONTINUE THE SERVICE (OR ANY PART OR CONTENT THEREOF) WITHOUT NOTICE AT ANY TIME. WE WILL NOT BE RESPONSIBLE TO THE USER OR ANY THIRD PARTY FOR ANY MODIFICATION, PRICE CHANGE, SUSPENSION OR DISCONTINUATION OF THE SERVICE.<\/p>\t\t\t\t\t\t<\/div>\n\t\t\t\t<\/div>\n\t\t\t\t<div class=\"elementor-element elementor-element-2584e5e elementor-widget elementor-widget-spacer\" data-id=\"2584e5e\" data-element_type=\"widget\" data-widget_type=\"spacer.default\">\n\t\t\t\t<div class=\"elementor-widget-container\">\n\t\t\t\t\t<div class=\"elementor-spacer\">\n\t\t\t<div class=\"elementor-spacer-inner\"><\/div>\n\t\t<\/div>\n\t\t\t\t<\/div>\n\t\t\t\t<\/div>\n\t\t\t\t<div class=\"elementor-element elementor-element-cd2fc98 elementor-widget elementor-widget-text-editor\" data-id=\"cd2fc98\" data-element_type=\"widget\" data-widget_type=\"text-editor.default\">\n\t\t\t\t<div class=\"elementor-widget-container\">\n\t\t\t\t\t\t\t<h2>Products or Services<\/h2><p>CERTAIN PRODUCTS OR SERVICES MAY BE AVAILABLE EXCLUSIVELY ONLINE THROUGH THE WEBSITE. THESE PRODUCTS OR SERVICES MAY HAVE LIMITED QUANTITIES AND ARE SUBJECT TO RETURN OR EXCHANGE ONLY IN ACCORDANCE WITH OUR RETURN POLICY. WE STRIVE TO DISPLAY AS ACCURATELY AS POSSIBLE THE COLORS AND IMAGES OF OUR PRODUCTS THAT APPEAR IN THE SHOWROOM. WE CANNOT GUARANTEE THAT THE DISPLAY OF ANY COLOR ON THE COMPUTER MONITOR IS ACCURATE. WE RESERVE THE RIGHT, BUT ARE NOT OBLIGED, TO LIMIT SALES OF OUR PRODUCTS OR SERVICES TO ANY PERSON, GEOGRAPHIC REGION OR JURISDICTION. WE CAN EXERCISE THIS RIGHT ON A CASE-BY-CASE BASIS. LUIS AZEVEDO RESERVES THE RIGHT TO LIMIT THE QUANTITIES OF ANY PRODUCTS OR SERVICES THAT WE OFFER. ALL PRODUCT DESCRIPTIONS OR PRODUCT PRICES ARE SUBJECT TO CHANGE AT ANY TIME, WITHOUT NOTICE, AT OUR SOLE DISCRETION. LUIS AZEVEDO HAS THE RIGHT TO DISCONTINUE ANY PRODUCT AT ANY TIME.<\/p>\t\t\t\t\t\t<\/div>\n\t\t\t\t<\/div>\n\t\t\t\t<div class=\"elementor-element elementor-element-6edb0a7 elementor-widget elementor-widget-spacer\" data-id=\"6edb0a7\" data-element_type=\"widget\" data-widget_type=\"spacer.default\">\n\t\t\t\t<div class=\"elementor-widget-container\">\n\t\t\t\t\t<div class=\"elementor-spacer\">\n\t\t\t<div class=\"elementor-spacer-inner\"><\/div>\n\t\t<\/div>\n\t\t\t\t<\/div>\n\t\t\t\t<\/div>\n\t\t\t\t<div class=\"elementor-element elementor-element-ffd93df elementor-widget elementor-widget-text-editor\" data-id=\"ffd93df\" data-element_type=\"widget\" data-widget_type=\"text-editor.default\">\n\t\t\t\t<div class=\"elementor-widget-container\">\n\t\t\t\t\t\t\t<h2>Third Party Links<\/h2><p>CERTAIN CONTENT, PRODUCTS AND SERVICES AVAILABLE THROUGH OUR SERVICE MAY INCLUDE MATERIALS FROM THIRD PARTIES. THIRD PARTY LINKS THAT MAY EXIST ON THIS SITE MAY DIRECT YOUTO THIRD PARTY SITES THAT ARE NOT AFFILIATED WITH US. WE WILL HAVE NO RESPONSIBILITY OR LIABILITY FOR ANY THIRD PARTY MATERIALS OR WEBSITES, OR FOR ANY OTHER THIRD PARTY MATERIALS, PRODUCTS OR SERVICES. CAREFULLY REVIEW THIRD PARTY POLICIES AND PRACTICES AND UNDERSTAND THEM BEFORE ENGAGING IN ANY TRANSACTIONS. COMPLAINTS, CONCERNS OR QUESTIONS REGARDING THIRD PARTY PRODUCTS SHOULD BE DIRECTED TO THE THIRD PARTY.<\/p>\t\t\t\t\t\t<\/div>\n\t\t\t\t<\/div>\n\t\t\t\t<div class=\"elementor-element elementor-element-842ab7c elementor-widget elementor-widget-spacer\" data-id=\"842ab7c\" data-element_type=\"widget\" data-widget_type=\"spacer.default\">\n\t\t\t\t<div class=\"elementor-widget-container\">\n\t\t\t\t\t<div class=\"elementor-spacer\">\n\t\t\t<div class=\"elementor-spacer-inner\"><\/div>\n\t\t<\/div>\n\t\t\t\t<\/div>\n\t\t\t\t<\/div>\n\t\t\t\t<div class=\"elementor-element elementor-element-3c7e187 elementor-widget elementor-widget-text-editor\" data-id=\"3c7e187\" data-element_type=\"widget\" data-widget_type=\"text-editor.default\">\n\t\t\t\t<div class=\"elementor-widget-container\">\n\t\t\t\t\t\t\t<h2>Personal information<\/h2><p>YOUR SUBMISSION OF PERSONAL INFORMATION THROUGH OUR WEBSITE IS GOVERNED BY OUR PRIVACY POLICY. SEE OUR PRIVACY POLICY. <a href=\"http:\/\/luisazevedo.pt\/en\/politica-de-privacidade\/\">Privacy Policy<\/a>.<\/p>\t\t\t\t\t\t<\/div>\n\t\t\t\t<\/div>\n\t\t\t\t<div class=\"elementor-element elementor-element-de40830 elementor-widget elementor-widget-spacer\" data-id=\"de40830\" data-element_type=\"widget\" data-widget_type=\"spacer.default\">\n\t\t\t\t<div class=\"elementor-widget-container\">\n\t\t\t\t\t<div class=\"elementor-spacer\">\n\t\t\t<div class=\"elementor-spacer-inner\"><\/div>\n\t\t<\/div>\n\t\t\t\t<\/div>\n\t\t\t\t<\/div>\n\t\t\t\t<div class=\"elementor-element elementor-element-eb0c042 elementor-widget elementor-widget-text-editor\" data-id=\"eb0c042\" data-element_type=\"widget\" data-widget_type=\"text-editor.default\">\n\t\t\t\t<div class=\"elementor-widget-container\">\n\t\t\t\t\t\t\t<h2>Prohibited uses<\/h2><p>IN ADDITION TO OTHER PROHIBITIONS SET OUT IN THE TERMS AND CONDITIONS, YOU ARE PROHIBITED FROM USING THE WEBSITE OR ITS CONTENT: (A) FOR ANY ILLEGAL PURPOSE; (B) ASKING OTHERS TO PERFORM OR PARTICIPATE IN ILLEGAL ACTS; (C) VIOLATE ANY REGULATIONS, RULES, LOCAL, INTERNATIONAL, FEDERAL, PROVINCIAL OR STATE LAWS; (D) VIOLATE OUR INTELLECTUAL PROPERTY RIGHTS OR THE INTELLECTUAL PROPERTY RIGHTS OF OTHERS.<\/p>\t\t\t\t\t\t<\/div>\n\t\t\t\t<\/div>\n\t\t\t\t<div class=\"elementor-element elementor-element-b00a9a7 elementor-widget elementor-widget-spacer\" data-id=\"b00a9a7\" data-element_type=\"widget\" data-widget_type=\"spacer.default\">\n\t\t\t\t<div class=\"elementor-widget-container\">\n\t\t\t\t\t<div class=\"elementor-spacer\">\n\t\t\t<div class=\"elementor-spacer-inner\"><\/div>\n\t\t<\/div>\n\t\t\t\t<\/div>\n\t\t\t\t<\/div>\n\t\t\t\t<div class=\"elementor-element elementor-element-692727a elementor-widget elementor-widget-text-editor\" data-id=\"692727a\" data-element_type=\"widget\" data-widget_type=\"text-editor.default\">\n\t\t\t\t<div class=\"elementor-widget-container\">\n\t\t\t\t\t\t\t<h2>Applicable law<\/h2><p>THESE TERMS AND CONDITIONS AND ANY SEPARATE AGREEMENTS UNDER WHICH WE PROVIDE SERVICES TO YOU WILL BE GOVERNED AND INTERPRETED IN ACCORDANCE WITH THE LEGAL FRAMEWORK. QUESTIONS ABOUT TERMS AND CONDITIONS SHOULD BE SENT TO US VIA EMAIL LUISAZEVEDO@LUISAZEVEDO.PT.<\/p>\t\t\t\t\t\t<\/div>\n\t\t\t\t<\/div>\n\t\t\t\t<div class=\"elementor-element elementor-element-070b076 elementor-widget elementor-widget-spacer\" data-id=\"070b076\" data-element_type=\"widget\" data-widget_type=\"spacer.default\">\n\t\t\t\t<div class=\"elementor-widget-container\">\n\t\t\t\t\t<div class=\"elementor-spacer\">\n\t\t\t<div class=\"elementor-spacer-inner\"><\/div>\n\t\t<\/div>\n\t\t\t\t<\/div>\n\t\t\t\t<\/div>\n\t\t\t\t<div class=\"elementor-element elementor-element-a7684ef elementor-widget elementor-widget-text-editor\" data-id=\"a7684ef\" data-element_type=\"widget\" data-widget_type=\"text-editor.default\">\n\t\t\t\t<div class=\"elementor-widget-container\">\n\t\t\t\t\t\t\t<h2>Changes to Terms and Conditions<\/h2><p>YOU CAN CONSULT THE MOST CURRENT VERSION OF THE TERMS AND CONDITIONS AT ANY TIME ON THIS PAGE. WE RESERVE THE RIGHT, IN OUR SOLE DISCRETION, TO UPDATE, CHANGE OR REPLACE ANY PART OF THESE TERMS AND CONDITIONS BY POSTING UPDATES AND CHANGES TO OUR WEBSITE. IT IS YOUR RESPONSIBILITY TO PERIODICALLY CHECK OUR SITE FOR CHANGES. CONTINUED USE OF OR ACCESS TO OUR WEBSITE OR SERVICE AFTER THE POSTING OF ANY CHANGES TO THESE TERMS AND CONDITIONS CONSTITUTES ACCEPTANCE OF THOSE CHANGES.<\/p>\t\t\t\t\t\t<\/div>\n\t\t\t\t<\/div>\n\t\t\t\t<div class=\"elementor-element elementor-element-e4c8014 elementor-widget elementor-widget-spacer\" data-id=\"e4c8014\" data-element_type=\"widget\" data-widget_type=\"spacer.default\">\n\t\t\t\t<div class=\"elementor-widget-container\">\n\t\t\t\t\t<div class=\"elementor-spacer\">\n\t\t\t<div class=\"elementor-spacer-inner\"><\/div>\n\t\t<\/div>\n\t\t\t\t<\/div>\n\t\t\t\t<\/div>\n\t\t\t\t<div class=\"elementor-element elementor-element-44bbd69 elementor-widget elementor-widget-text-editor\" data-id=\"44bbd69\" data-element_type=\"widget\" data-widget_type=\"text-editor.default\">\n\t\t\t\t<div class=\"elementor-widget-container\">\n\t\t\t\t\t\t\t<h2>Contact information<\/h2><p><span style=\"font-weight: 400;\">QUESTIONS ABOUT TERMS AND CONDITIONS SHOULD BE SENT TO US VIA EMAIL<br \/>luisazevedo@luisazevedo.pt.<\/span><\/p>\t\t\t\t\t\t<\/div>\n\t\t\t\t<\/div>\n\t\t\t\t<div class=\"elementor-element elementor-element-caf482d elementor-widget elementor-widget-spacer\" data-id=\"caf482d\" data-element_type=\"widget\" data-widget_type=\"spacer.default\">\n\t\t\t\t<div class=\"elementor-widget-container\">\n\t\t\t\t\t<div class=\"elementor-spacer\">\n\t\t\t<div class=\"elementor-spacer-inner\"><\/div>\n\t\t<\/div>\n\t\t\t\t<\/div>\n\t\t\t\t<\/div>\n\t\t\t\t\t<\/div>\n\t\t<\/div>\n\t\t\t\t\t<\/div>\n\t\t<\/section>\n\t\t\t\t\t<\/div>\n\t\t<\/div>\n\t\t\t\t\t<\/div>\n\t\t<\/section>\n\t\t\t\t<\/div>","protected":false},"excerpt":{"rendered":"<p>Termos e condi\u00e7\u00f5es Vis\u00e3o global Este site \u00e9 operado pela Luis Azevedo &amp; Filhos, S.A., doravante Lu\u00eds Azevedo. Em todo o site, os termos \u201cn\u00f3s\u201d, e \u201cnosso\u201d referem-se \u00e0 Luis Azevedo. A Luis Azevedo oferece este site, incluindo todas as informa\u00e7\u00f5es, ferramentas e servi\u00e7os dispon\u00edveis ao utilizador, condicionado ao seu uso a aceita\u00e7\u00e3o de todos [&hellip;]<\/p>","protected":false},"author":1,"featured_media":0,"parent":0,"menu_order":0,"comment_status":"closed","ping_status":"closed","template":"elementor_header_footer","meta":{"footnotes":""},"_links":{"self":[{"href":"http:\/\/luisazevedo.pt\/en\/wp-json\/wp\/v2\/pages\/2255"}],"collection":[{"href":"http:\/\/luisazevedo.pt\/en\/wp-json\/wp\/v2\/pages"}],"about":[{"href":"http:\/\/luisazevedo.pt\/en\/wp-json\/wp\/v2\/types\/page"}],"author":[{"embeddable":true,"href":"http:\/\/luisazevedo.pt\/en\/wp-json\/wp\/v2\/users\/1"}],"replies":[{"embeddable":true,"href":"http:\/\/luisazevedo.pt\/en\/wp-json\/wp\/v2\/comments?post=2255"}],"version-history":[{"count":0,"href":"http:\/\/luisazevedo.pt\/en\/wp-json\/wp\/v2\/pages\/2255\/revisions"}],"wp:attachment":[{"href":"http:\/\/luisazevedo.pt\/en\/wp-json\/wp\/v2\/media?parent=2255"}],"curies":[{"name":"wp","href":"https:\/\/api.w.org\/{rel}","templated":true}]}}